{"id":134,"date":"2024-08-28T12:55:32","date_gmt":"2024-08-28T12:55:32","guid":{"rendered":"https:\/\/czytamilicze.pl\/?page_id=134"},"modified":"2024-08-28T12:55:32","modified_gmt":"2024-08-28T12:55:32","slug":"zajecia-artystyczne","status":"publish","type":"page","link":"https:\/\/czytamilicze.pl\/index.php\/zajecia-artystyczne\/","title":{"rendered":"Zaj\u0119cia artystyczne"},"content":{"rendered":"\n<p>Szukasz pomys\u0142u na to, by wype\u0142ni\u0107 czas wolny swojemu dziecku w taki spos\u00f3b, aby mog\u0142o ono rozwija\u0107 swoje pasje, talenty, kreatywno\u015b\u0107 czy po prostu zdolno\u015bci manualne? Zapraszam serdecznie na zaj\u0119cia artystyczne w ma\u0142ych, kameralnych grupach.&nbsp;&nbsp;<\/p>\n\n\n\n<p><strong>Zaj\u0119cia artystyczne<\/strong>\u202fto niezwykle wa\u017cny dla dzieci \u015brodek wyrazu. Rysunek, malarstwo, czy modelowanie gliny wyp\u0142ywaj\u0105 ze spontanicznych potrzeb maluch\u00f3w i s\u0105 nieodzownym czynnikiem wp\u0142ywaj\u0105cym na ich wszechstronny rozw\u00f3j. Wyzwalaj\u0105 kreatywno\u015b\u0107 i ciekawo\u015b\u0107 poznawcz\u0105, stymuluj\u0105 wyobra\u017ani\u0119, ucz\u0105 koncentracji, usprawniaj\u0105 zdolno\u015bci manualne oraz rozwijaj\u0105 wra\u017cliwo\u015b\u0107 wzrokow\u0105, dotykow\u0105 i s\u0142uchow\u0105.&nbsp;&nbsp;<\/p>\n\n\n\n<p>Zaj\u0119cia artystyczne s\u0105 nie tylko dobr\u0105 zabaw\u0105 dla dzieci. Daj\u0105 mo\u017cliwo\u015b\u0107 ekspresji, prze\u0142amuj\u0105 barier\u0119 niepewno\u015bci, ucz\u0105 zachowa\u0144 spo\u0142ecznych oraz rozwijaj\u0105 poczucie warto\u015bci. Czasem \u0107wicz\u0105 tak\u017ce cierpliwo\u015b\u0107, poniewa\u017c niekt\u00f3re z prac wymagaj\u0105 precyzji i wytrwa\u0142o\u015bci w d\u0105\u017ceniu do celu. Ponadto, nadpobudliwe maluchy maj\u0105 szans\u0119 roz\u0142adowania napi\u0119cia i negatywnych emocji, kt\u00f3re towarzysz\u0105 im na codzie\u0144.&nbsp;<\/p>\n\n\n\n<p><strong>Praca w ma\u0142ej grupie<\/strong> ma niew\u0105tpliwie wiele zalet. Opr\u00f3cz rozwijania umiej\u0119tno\u015bci spo\u0142ecznych, nauki wsp\u00f3\u0142pracy, komunikacji i wzajemnego szacunku, prowadz\u0105cy zaj\u0119cia ma mo\u017cliwo\u015b\u0107 zindywidualizowania pracy z dzieckiem i zapewnienia mu maksymalnego wsparcia. Praca w mniejszej grupie pozwala r\u00f3wnie\u017c na lepsz\u0105 kontrol\u0119 nad bezpiecze\u0144stwem i komfortem ka\u017cdego dziecka, co sprzyja bardziej intymnej atmosferze i wi\u0119kszej za\u017cy\u0142o\u015bci.&nbsp;<\/p>\n\n\n\n<p>Zach\u0119cam do zapisania swoich dzieci na zaj\u0119cia artystyczne, gdzie b\u0119d\u0105 mia\u0142y okazj\u0119 nie tylko rozwija\u0107 swoje umiej\u0119tno\u015bci artystyczne, ale tak\u017ce budowa\u0107 pewno\u015b\u0107 siebie i relacje z innymi dzie\u0107mi w przyjaznej i tw\u00f3rczej atmosferze. Poznaj\u0105 interesuj\u0105ce sposoby na sp\u0119dzenie czasu, bez wykorzystania do tego smartfon\u00f3w, komputer\u00f3w, czy innych urz\u0105dze\u0144 elektronicznych.&nbsp;<\/p>\n\n\n\n<p>Moje zaj\u0119cia to nie tylko mi\u0142e i kreatywne sp\u0119dzanie czasu, ale tak\u017ce mo\u017cliwo\u015b\u0107 realizacji r\u00f3\u017cnorodnych pomys\u0142\u00f3w artystycznych. Ogrom pozytywnych emocji, kt\u00f3re towarzysz\u0105 takim zaj\u0119ciom rozwija wszechstronne zdolno\u015bci dziecka oraz cechy osobowo\u015bciowe, przydatne p\u00f3\u017aniej w szkole oraz w doros\u0142ym \u017cyciu.&nbsp;<\/p>\n\n\n\n<p>Zapewniam wszelkie materia\u0142y potrzebne do zaj\u0119\u0107, wystarczy przynie\u015b\u0107 tylko ze sob\u0105 dobry humor i ch\u0119\u0107 do pracy. Wszystkie stworzone dzie\u0142a dzieci oczywi\u015bcie zabieraj\u0105 ze sob\u0105 do domu.&nbsp;<\/p>\n\n\n\n<p>Gwarantuj\u0119 wspania\u0142\u0105 zabaw\u0119 i niepowtarzaln\u0105 domow\u0105 atmosfer\u0119 podczas zaj\u0119\u0107.&nbsp;<\/p>\n","protected":false},"excerpt":{"rendered":"<p>Szukasz pomys\u0142u na to, by wype\u0142ni\u0107 czas wolny swojemu dziecku w taki spos\u00f3b, aby mog\u0142o ono rozwija\u0107 swoje pasje, talenty, kreatywno\u015b\u0107 czy po prostu zdolno\u015bci manualne? Zapraszam serdecznie na zaj\u0119cia artystyczne w ma\u0142ych, kameralnych grupach.&nbsp;&nbsp; Zaj\u0119cia artystyczne\u202fto niezwykle wa\u017cny dla dzieci \u015brodek wyrazu. Rysunek, malarstwo, czy modelowanie gliny wyp\u0142ywaj\u0105 ze spontanicznych potrzeb maluch\u00f3w i s\u0105 [&hellip;]<\/p>\n","protected":false},"author":1,"featured_media":0,"parent":0,"menu_order":0,"comment_status":"closed","ping_status":"closed","template":"","meta":{"footnotes":""},"class_list":["post-134","page","type-page","status-publish","hentry"],"_links":{"self":[{"href":"https:\/\/czytamilicze.pl\/index.php\/wp-json\/wp\/v2\/pages\/134","targetHints":{"allow":["GET"]}}],"collection":[{"href":"https:\/\/czytamilicze.pl\/index.php\/wp-json\/wp\/v2\/pages"}],"about":[{"href":"https:\/\/czytamilicze.pl\/index.php\/wp-json\/wp\/v2\/types\/page"}],"author":[{"embeddable":true,"href":"https:\/\/czytamilicze.pl\/index.php\/wp-json\/wp\/v2\/users\/1"}],"replies":[{"embeddable":true,"href":"https:\/\/czytamilicze.pl\/index.php\/wp-json\/wp\/v2\/comments?post=134"}],"version-history":[{"count":1,"href":"https:\/\/czytamilicze.pl\/index.php\/wp-json\/wp\/v2\/pages\/134\/revisions"}],"predecessor-version":[{"id":135,"href":"https:\/\/czytamilicze.pl\/index.php\/wp-json\/wp\/v2\/pages\/134\/revisions\/135"}],"wp:attachment":[{"href":"https:\/\/czytamilicze.pl\/index.php\/wp-json\/wp\/v2\/media?parent=134"}],"curies":[{"name":"wp","href":"https:\/\/api.w.org\/{rel}","templated":true}]}}