{"id":122,"date":"2024-08-26T15:48:59","date_gmt":"2024-08-26T15:48:59","guid":{"rendered":"https:\/\/czytamilicze.pl\/?page_id=122"},"modified":"2024-08-26T15:48:59","modified_gmt":"2024-08-26T15:48:59","slug":"o-mnie","status":"publish","type":"page","link":"https:\/\/czytamilicze.pl\/index.php\/o-mnie\/","title":{"rendered":""},"content":{"rendered":"\n<p>O mnie<\/p>\n\n\n\n<p>Jestem absolwentk\u0105 filologii roma\u0144skiej Uniwersytetu Miko\u0142aja Kopernika w Toruniu. Od 2009 roku zwi\u0105zana jestem z edukacj\u0105 dzieci, m\u0142odzie\u017cy i doros\u0142ych. W plac\u00f3wce o\u015bwiatowej uzyska\u0142am stopie\u0144 nauczyciela dyplomowanego. Zwa\u017cywszy na moje wieloletnie do\u015bwiadczenie z dzie\u0107mi w wieku przedszkolnym i wczesnoszkolnym, moje zaj\u0119cia s\u0105 r\u00f3wnie\u017c skierowane do najm\u0142odszych. W pracy z dzie\u0107mi, moim priorytetem jest zawsze ich bezpiecze\u0144stwo, sukces edukacyjny oraz poczucie satysfakcji. Wierz\u0119 w ka\u017cde z nich, motywuj\u0119 je do pracy. Dbam nie tylko o rozw\u00f3j edukacyjny, ale tak\u017ce emocjonalny dzieci. Chc\u0119, by czu\u0142y si\u0119 wa\u017cne i potrzebne. Moim celem jest odkrywanie i rozwijanie potencja\u0142u ka\u017cdego dziecka oraz stwarzanie warunk\u00f3w do wszechstronnego i harmonijnego rozwoju. Na zaj\u0119ciach j\u0119zykowych, piosenki, gry interaktywne, zagadki, zabawy ruchowe stanowi\u0105 tylko cz\u0119\u015b\u0107 atrakcji, kt\u00f3re b\u0119d\u0105 czeka\u0107 na Twoj\u0105 pociech\u0119. Kocham uczy\u0107 i robi\u0119 to z pasj\u0105. W swojej pracy d\u0105\u017c\u0119 do budowania relacji opartych na wzajemnym zaufaniu. Ceni\u0119 sobie dobry kontakt z kursantem, zawsze witam go szczerym u\u015bmiechem. Jestem osob\u0105 odpowiedzialn\u0105, weso\u0142\u0105. Ka\u017cdego dnia z du\u017cym zaanga\u017cowaniem podchodz\u0119 do swoich obowi\u0105zk\u00f3w.<\/p>\n\n\n\n<p>Prywatnie interesuj\u0119 si\u0119 fotografi\u0105, ta\u0144cem oraz pi\u0142k\u0105 siatkow\u0105. Uwielbiam zwierz\u0119ta i kontakt z przyrod\u0105, to z nich czerpi\u0119 energi\u0119.<\/p>\n","protected":false},"excerpt":{"rendered":"<p>O mnie Jestem absolwentk\u0105 filologii roma\u0144skiej Uniwersytetu Miko\u0142aja Kopernika w Toruniu. Od 2009 roku zwi\u0105zana jestem z edukacj\u0105 dzieci, m\u0142odzie\u017cy i doros\u0142ych. W plac\u00f3wce o\u015bwiatowej uzyska\u0142am stopie\u0144 nauczyciela dyplomowanego. Zwa\u017cywszy na moje wieloletnie do\u015bwiadczenie z dzie\u0107mi w wieku przedszkolnym i wczesnoszkolnym, moje zaj\u0119cia s\u0105 r\u00f3wnie\u017c skierowane do najm\u0142odszych. W pracy z dzie\u0107mi, moim priorytetem jest [&hellip;]<\/p>\n","protected":false},"author":1,"featured_media":80,"parent":0,"menu_order":0,"comment_status":"closed","ping_status":"closed","template":"","meta":{"footnotes":""},"class_list":["post-122","page","type-page","status-publish","has-post-thumbnail","hentry"],"_links":{"self":[{"href":"https:\/\/czytamilicze.pl\/index.php\/wp-json\/wp\/v2\/pages\/122","targetHints":{"allow":["GET"]}}],"collection":[{"href":"https:\/\/czytamilicze.pl\/index.php\/wp-json\/wp\/v2\/pages"}],"about":[{"href":"https:\/\/czytamilicze.pl\/index.php\/wp-json\/wp\/v2\/types\/page"}],"author":[{"embeddable":true,"href":"https:\/\/czytamilicze.pl\/index.php\/wp-json\/wp\/v2\/users\/1"}],"replies":[{"embeddable":true,"href":"https:\/\/czytamilicze.pl\/index.php\/wp-json\/wp\/v2\/comments?post=122"}],"version-history":[{"count":1,"href":"https:\/\/czytamilicze.pl\/index.php\/wp-json\/wp\/v2\/pages\/122\/revisions"}],"predecessor-version":[{"id":123,"href":"https:\/\/czytamilicze.pl\/index.php\/wp-json\/wp\/v2\/pages\/122\/revisions\/123"}],"wp:featuredmedia":[{"embeddable":true,"href":"https:\/\/czytamilicze.pl\/index.php\/wp-json\/wp\/v2\/media\/80"}],"wp:attachment":[{"href":"https:\/\/czytamilicze.pl\/index.php\/wp-json\/wp\/v2\/media?parent=122"}],"curies":[{"name":"wp","href":"https:\/\/api.w.org\/{rel}","templated":true}]}}