{"id":100,"date":"2024-08-20T09:06:31","date_gmt":"2024-08-20T09:06:31","guid":{"rendered":"https:\/\/czytamilicze.pl\/?page_id=100"},"modified":"2024-09-04T19:04:51","modified_gmt":"2024-09-04T19:04:51","slug":"numicon","status":"publish","type":"page","link":"https:\/\/czytamilicze.pl\/index.php\/numicon\/","title":{"rendered":"Numicon"},"content":{"rendered":"\n<p><strong>Dzieci\u0119ca matematyka Numicon<\/strong><strong><\/strong><\/p>\n\n\n\n<ol class=\"wp-block-list\">\n<li>Czym jest matematyka Numicon ?<\/li>\n<\/ol>\n\n\n\n<p>Matematyka Numicon to brytyjska metoda nauczania matematyki, kt\u00f3ra wykorzystuje zestaw kolorowych klock\u00f3w, wyprofilowanych kszta\u0142t\u00f3w, reprezentuj\u0105cych liczby od 1 do 10. Zosta\u0142y one zaprojektowane z my\u015bl\u0105 o dzieci\u0119cych strategiach uczenia si\u0119, oparte na naturalnym rozwoju my\u015blenia matematycznego. Wielk\u0105 zalet\u0105 kszta\u0142t\u00f3w Numicon jest ich multisensoryczno\u015b\u0107, a wi\u0119c wykorzystywanie kana\u0142u wzrokowego (kszta\u0142t, kolor), a tak\u017ce taktylnego (otwory w kszta\u0142tach). Numicon mo\u017ce by\u0107 r\u00f3wnie\u017c u\u017cywany do przedstawiania koncepcji matematycznych, takich jak operacje matematyczne, relacje liczbowe i inne.<\/p>\n\n\n\n<ul class=\"wp-block-list\">\n<li>Jakie s\u0105 za\u0142o\u017cenia metody?<\/li>\n<\/ul>\n\n\n\n<p>Dzi\u0119ki klockom Numicon dziecko ma mo\u017cliwo\u015b\u0107 zastosowania sensorycznych do\u015bwiadcze\u0144, aby u\u0142atwi\u0107 zrozumienie abstrakcyjnych koncepcji matematycznych. Ich celem jest stworzenie w umy\u015ble dziecka obrazu liczby i jej warto\u015bci \u2013 poprzez nadanie jej wyobra\u017cenia w postaci klocka o konkretnym rozmiarze, kolorze i ilo\u015bci dziurek. Ten obraz pozwala na szybkie szacowanie wielko\u015bci oraz wprowadzanie kolejno\u015bci, poj\u0119\u0107 wi\u0119kszy, mniejszy a tak\u017ce na podstawowe dzia\u0142ania dodawania, odejmowania, mno\u017cenia i dzielenia.<\/p>\n\n\n\n<ul class=\"wp-block-list\">\n<li>Dlaczego w\u0142a\u015bnie metoda Numicon ?<\/li>\n<\/ul>\n\n\n\n<p>Klocki Numicon nie tylko jasno przedstawiaj\u0105 abstrakcyjne dla dzieci poj\u0119cia liczb, ale tak\u017ce stanowi\u0105 ciekawe narz\u0119dzie do nauki i zabawy. Mo\u017cna wykorzystywa\u0107 je podczas wielu zabaw na przyk\u0142ad w piasku, wodzie, czy na dywanie. Mog\u0105 by\u0107 r\u00f3wnie\u017c u\u017cywane w codziennych czynno\u015bciach, chocia\u017cby podczas posi\u0142k\u00f3w. Dzi\u0119ki nim nauka matematyki staje si\u0119 przyjemna i skuteczna. Metoda ta r\u00f3wnie\u017c mo\u017ce pom\u00f3c w rozwijaniu umiej\u0119tno\u015bci komunikacji matematycznej i budowaniu pewno\u015bci siebie w dziedzinie matematyki.<\/p>\n\n\n\n<p>Klocki Numicon s\u0105 szeroko wykorzystywane w nauczaniu matematyki na ca\u0142ym \u015bwiecie, zar\u00f3wno w szko\u0142ach publicznych, jak i w plac\u00f3wkach integracyjnych oraz specjalnych.<\/p>\n\n\n\n<ul class=\"wp-block-list\">\n<li>Dla kogo jest przeznaczona matematyka Numicon?<\/li>\n<\/ul>\n\n\n\n<p>Metoda Numicon jest przeznaczona g\u0142\u00f3wnie dla dzieci w wieku przedszkolnym i wczesnoszkolnym, ale mo\u017ce by\u0107 stosowana r\u00f3wnie\u017c w pracy z uczniami o specjalnych potrzebach edukacyjnych.<\/p>\n\n\n\n<p><\/p>\n","protected":false},"excerpt":{"rendered":"<p>Dzieci\u0119ca matematyka Numicon Matematyka Numicon to brytyjska metoda nauczania matematyki, kt\u00f3ra wykorzystuje zestaw kolorowych klock\u00f3w, wyprofilowanych kszta\u0142t\u00f3w, reprezentuj\u0105cych liczby od 1 do 10. Zosta\u0142y one zaprojektowane z my\u015bl\u0105 o dzieci\u0119cych strategiach uczenia si\u0119, oparte na naturalnym rozwoju my\u015blenia matematycznego. Wielk\u0105 zalet\u0105 kszta\u0142t\u00f3w Numicon jest ich multisensoryczno\u015b\u0107, a wi\u0119c wykorzystywanie kana\u0142u wzrokowego (kszta\u0142t, kolor), a tak\u017ce [&hellip;]<\/p>\n","protected":false},"author":1,"featured_media":0,"parent":0,"menu_order":0,"comment_status":"closed","ping_status":"closed","template":"","meta":{"footnotes":""},"class_list":["post-100","page","type-page","status-publish","hentry"],"_links":{"self":[{"href":"https:\/\/czytamilicze.pl\/index.php\/wp-json\/wp\/v2\/pages\/100","targetHints":{"allow":["GET"]}}],"collection":[{"href":"https:\/\/czytamilicze.pl\/index.php\/wp-json\/wp\/v2\/pages"}],"about":[{"href":"https:\/\/czytamilicze.pl\/index.php\/wp-json\/wp\/v2\/types\/page"}],"author":[{"embeddable":true,"href":"https:\/\/czytamilicze.pl\/index.php\/wp-json\/wp\/v2\/users\/1"}],"replies":[{"embeddable":true,"href":"https:\/\/czytamilicze.pl\/index.php\/wp-json\/wp\/v2\/comments?post=100"}],"version-history":[{"count":2,"href":"https:\/\/czytamilicze.pl\/index.php\/wp-json\/wp\/v2\/pages\/100\/revisions"}],"predecessor-version":[{"id":176,"href":"https:\/\/czytamilicze.pl\/index.php\/wp-json\/wp\/v2\/pages\/100\/revisions\/176"}],"wp:attachment":[{"href":"https:\/\/czytamilicze.pl\/index.php\/wp-json\/wp\/v2\/media?parent=100"}],"curies":[{"name":"wp","href":"https:\/\/api.w.org\/{rel}","templated":true}]}}